{"id":1855,"date":"2024-03-21T15:14:56","date_gmt":"2024-03-21T14:14:56","guid":{"rendered":"https:\/\/www.location-lauriersroses-porquerolles.fr\/erfolg\/"},"modified":"2024-03-21T15:14:56","modified_gmt":"2024-03-21T14:14:56","slug":"erfolg","status":"publish","type":"page","link":"https:\/\/www.location-lauriersroses-porquerolles.fr\/de\/erfolg\/","title":{"rendered":"Danke f\u00fcr Ihre Buchung"},"content":{"rendered":"<p>Wir freuen uns, Ihnen mitteilen zu k\u00f6nnen, dass Ihre Zahlung akzeptiert wurde. Wir melden uns umgehend bei Ihnen zur\u00fcck, um Ihre Buchung zu best\u00e4tigen und Ihnen den Mietvertrag zuzusenden.<\/p>\n","protected":false},"excerpt":{"rendered":"<p>Wir freuen uns, Ihnen mitteilen zu k\u00f6nnen, dass Ihre Zahlung akzeptiert wurde. Wir melden uns umgehend bei Ihnen zur\u00fcck, um Ihre Buchung zu best\u00e4tigen und Ihnen den Mietvertrag zuzusenden.<\/p>\n","protected":false},"author":1,"featured_media":0,"parent":0,"menu_order":0,"comment_status":"closed","ping_status":"closed","template":"","meta":{"footnotes":""},"class_list":["post-1855","page","type-page","status-publish","hentry"],"yoast_head":"<!-- This site is optimized with the Yoast SEO plugin v27.4 - https:\/\/yoast.com\/product\/yoast-seo-wordpress\/ -->\n<title>Danke f\u00fcr Ihre Buchung - Location de maison \u00e0 Porquerolles<\/title>\n<meta name=\"robots\" content=\"index, follow, max-snippet:-1, max-image-preview:large, max-video-preview:-1\" \/>\n<link rel=\"canonical\" href=\"https:\/\/www.location-lauriersroses-porquerolles.fr\/de\/erfolg\/\" \/>\n<meta property=\"og:locale\" content=\"de_DE\" \/>\n<meta property=\"og:type\" content=\"article\" \/>\n<meta property=\"og:title\" content=\"Danke f\u00fcr Ihre Buchung - Location de maison \u00e0 Porquerolles\" \/>\n<meta property=\"og:description\" content=\"Wir freuen uns, Ihnen mitteilen zu k\u00f6nnen, dass Ihre Zahlung akzeptiert wurde. Wir melden uns umgehend bei Ihnen zur\u00fcck, um Ihre Buchung zu best\u00e4tigen und Ihnen den Mietvertrag zuzusenden.\" \/>\n<meta property=\"og:url\" content=\"https:\/\/www.location-lauriersroses-porquerolles.fr\/de\/erfolg\/\" \/>\n<meta property=\"og:site_name\" content=\"Location de maison \u00e0 Porquerolles\" \/>\n<meta name=\"twitter:card\" content=\"summary_large_image\" \/>\n<script type=\"application\/ld+json\" class=\"yoast-schema-graph\">{\"@context\":\"https:\\\/\\\/schema.org\",\"@graph\":[{\"@type\":\"WebPage\",\"@id\":\"https:\\\/\\\/www.location-lauriersroses-porquerolles.fr\\\/de\\\/erfolg\\\/\",\"url\":\"https:\\\/\\\/www.location-lauriersroses-porquerolles.fr\\\/de\\\/erfolg\\\/\",\"name\":\"Danke f\u00fcr Ihre Buchung - Location de maison \u00e0 Porquerolles\",\"isPartOf\":{\"@id\":\"https:\\\/\\\/www.location-lauriersroses-porquerolles.fr\\\/de\\\/#website\"},\"datePublished\":\"2024-03-21T14:14:56+00:00\",\"breadcrumb\":{\"@id\":\"https:\\\/\\\/www.location-lauriersroses-porquerolles.fr\\\/de\\\/erfolg\\\/#breadcrumb\"},\"inLanguage\":\"de\",\"potentialAction\":[{\"@type\":\"ReadAction\",\"target\":[\"https:\\\/\\\/www.location-lauriersroses-porquerolles.fr\\\/de\\\/erfolg\\\/\"]}]},{\"@type\":\"BreadcrumbList\",\"@id\":\"https:\\\/\\\/www.location-lauriersroses-porquerolles.fr\\\/de\\\/erfolg\\\/#breadcrumb\",\"itemListElement\":[{\"@type\":\"ListItem\",\"position\":1,\"name\":\"Accueil\",\"item\":\"https:\\\/\\\/www.location-lauriersroses-porquerolles.fr\\\/de\\\/vermietung-von-ferienhaeusern-porquerolles\\\/\"},{\"@type\":\"ListItem\",\"position\":2,\"name\":\"Danke f\u00fcr Ihre Buchung\"}]},{\"@type\":\"WebSite\",\"@id\":\"https:\\\/\\\/www.location-lauriersroses-porquerolles.fr\\\/de\\\/#website\",\"url\":\"https:\\\/\\\/www.location-lauriersroses-porquerolles.fr\\\/de\\\/\",\"name\":\"Location de maison \u00e0 Porquerolles\",\"description\":\"Les Lauriers Roses est une location de vacances \u00e0 Porquerolles.\",\"potentialAction\":[{\"@type\":\"SearchAction\",\"target\":{\"@type\":\"EntryPoint\",\"urlTemplate\":\"https:\\\/\\\/www.location-lauriersroses-porquerolles.fr\\\/de\\\/?s={search_term_string}\"},\"query-input\":{\"@type\":\"PropertyValueSpecification\",\"valueRequired\":true,\"valueName\":\"search_term_string\"}}],\"inLanguage\":\"de\"}]}<\/script>\n<!-- \/ Yoast SEO plugin. -->","yoast_head_json":{"title":"Danke f\u00fcr Ihre Buchung - Location de maison \u00e0 Porquerolles","robots":{"index":"index","follow":"follow","max-snippet":"max-snippet:-1","max-image-preview":"max-image-preview:large","max-video-preview":"max-video-preview:-1"},"canonical":"https:\/\/www.location-lauriersroses-porquerolles.fr\/de\/erfolg\/","og_locale":"de_DE","og_type":"article","og_title":"Danke f\u00fcr Ihre Buchung - Location de maison \u00e0 Porquerolles","og_description":"Wir freuen uns, Ihnen mitteilen zu k\u00f6nnen, dass Ihre Zahlung akzeptiert wurde. Wir melden uns umgehend bei Ihnen zur\u00fcck, um Ihre Buchung zu best\u00e4tigen und Ihnen den Mietvertrag zuzusenden.","og_url":"https:\/\/www.location-lauriersroses-porquerolles.fr\/de\/erfolg\/","og_site_name":"Location de maison \u00e0 Porquerolles","twitter_card":"summary_large_image","schema":{"@context":"https:\/\/schema.org","@graph":[{"@type":"WebPage","@id":"https:\/\/www.location-lauriersroses-porquerolles.fr\/de\/erfolg\/","url":"https:\/\/www.location-lauriersroses-porquerolles.fr\/de\/erfolg\/","name":"Danke f\u00fcr Ihre Buchung - Location de maison \u00e0 Porquerolles","isPartOf":{"@id":"https:\/\/www.location-lauriersroses-porquerolles.fr\/de\/#website"},"datePublished":"2024-03-21T14:14:56+00:00","breadcrumb":{"@id":"https:\/\/www.location-lauriersroses-porquerolles.fr\/de\/erfolg\/#breadcrumb"},"inLanguage":"de","potentialAction":[{"@type":"ReadAction","target":["https:\/\/www.location-lauriersroses-porquerolles.fr\/de\/erfolg\/"]}]},{"@type":"BreadcrumbList","@id":"https:\/\/www.location-lauriersroses-porquerolles.fr\/de\/erfolg\/#breadcrumb","itemListElement":[{"@type":"ListItem","position":1,"name":"Accueil","item":"https:\/\/www.location-lauriersroses-porquerolles.fr\/de\/vermietung-von-ferienhaeusern-porquerolles\/"},{"@type":"ListItem","position":2,"name":"Danke f\u00fcr Ihre Buchung"}]},{"@type":"WebSite","@id":"https:\/\/www.location-lauriersroses-porquerolles.fr\/de\/#website","url":"https:\/\/www.location-lauriersroses-porquerolles.fr\/de\/","name":"Location de maison \u00e0 Porquerolles","description":"Les Lauriers Roses est une location de vacances \u00e0 Porquerolles.","potentialAction":[{"@type":"SearchAction","target":{"@type":"EntryPoint","urlTemplate":"https:\/\/www.location-lauriersroses-porquerolles.fr\/de\/?s={search_term_string}"},"query-input":{"@type":"PropertyValueSpecification","valueRequired":true,"valueName":"search_term_string"}}],"inLanguage":"de"}]}},"_links":{"self":[{"href":"https:\/\/www.location-lauriersroses-porquerolles.fr\/de\/wp-json\/wp\/v2\/pages\/1855","targetHints":{"allow":["GET"]}}],"collection":[{"href":"https:\/\/www.location-lauriersroses-porquerolles.fr\/de\/wp-json\/wp\/v2\/pages"}],"about":[{"href":"https:\/\/www.location-lauriersroses-porquerolles.fr\/de\/wp-json\/wp\/v2\/types\/page"}],"author":[{"embeddable":true,"href":"https:\/\/www.location-lauriersroses-porquerolles.fr\/de\/wp-json\/wp\/v2\/users\/1"}],"replies":[{"embeddable":true,"href":"https:\/\/www.location-lauriersroses-porquerolles.fr\/de\/wp-json\/wp\/v2\/comments?post=1855"}],"version-history":[{"count":0,"href":"https:\/\/www.location-lauriersroses-porquerolles.fr\/de\/wp-json\/wp\/v2\/pages\/1855\/revisions"}],"wp:attachment":[{"href":"https:\/\/www.location-lauriersroses-porquerolles.fr\/de\/wp-json\/wp\/v2\/media?parent=1855"}],"curies":[{"name":"wp","href":"https:\/\/api.w.org\/{rel}","templated":true}]}}